{"id":895,"date":"2023-01-13T08:31:32","date_gmt":"2023-01-13T08:31:32","guid":{"rendered":"https:\/\/mind-here-and-hereafter.org\/?page_id=895"},"modified":"2023-01-13T10:27:58","modified_gmt":"2023-01-13T10:27:58","slug":"prayers-for-rebirth-in-sukhavati","status":"publish","type":"page","link":"https:\/\/mind-here-and-hereafter.org\/?page_id=895","title":{"rendered":"Prayers for Rebirth in Sukhavati"},"content":{"rendered":"\n<h3 class=\"has-text-align-center wp-block-heading\"><strong>Aspiration Towards Sukh\u0101vat\u012b&nbsp;<\/strong><\/h3>\n\n\n\n<p class=\"has-text-align-center\">by Shamar Ch\u00f6kyi Wangchuk (1584\u20131630)<\/p>\n\n\n\n<p>Emaho!<\/p>\n\n\n\n<p>From here, over in the direction of the setting sun,<\/p>\n\n\n\n<p>In a place many countless worlds away,<\/p>\n\n\n\n<p>Lies the utterly pure realm of Sukh\u0101vat\u012b, &#8216;the Blissful&#8217;,&nbsp;<\/p>\n\n\n\n<p>There resides the supreme and perfect Buddha, Boundless Life and Light.<\/p>\n\n\n\n<p>To that Lord and protector, I pay homage.<\/p>\n\n\n\n<p>I offer clouds of imagined gifts, just like Samantabhadra&#8217;s.<\/p>\n\n\n\n<p>I confess misdeeds accumulated over many lifetimes.<\/p>\n\n\n\n<p>I rejoice in the virtuous actions of all beings.<\/p>\n\n\n\n<p>I request the turning of the Wheel of Dharma.<\/p>\n\n\n\n<p>I pray that you do not pass into nirv\u0101\u1e47a.<\/p>\n\n\n\n<p>And, through the virtues amassed in past, present and future,<\/p>\n\n\n\n<p>I pray that as soon as my life ends and I pass from here,<\/p>\n\n\n\n<p>I may be born in that sublime realm, and, like the Lord himself,&nbsp;<\/p>\n\n\n\n<p>Perfectly achieve my own and others&#8217; aims\u2014<\/p>\n\n\n\n<p>Make this wish of mine come true, I pray!<\/p>\n\n\n\n<hr class=\"wp-block-separator has-alpha-channel-opacity\"\/>\n\n\n\n<p>This was spoken by the Karmapa holder of the Red Hat in response to the fine and ardent requests of Karma Lodr\u00f6, the lama of Gina Monastery, and Drongpa Lama, who said there was a need for brief aspiration prayer for Sukh\u0101vat\u012b that could be recited regularly.<\/p>\n\n\n\n<p>Translated by Adam Pearcey, 2016.<\/p>\n\n\n\n<p>Source:&nbsp;<a href=\"https:\/\/www.lotsawahouse.org\/tibetan-masters\/shamar-chokyi-wangchuk\/sukhavati-aspiration\" target=\"_blank\" rel=\"noreferrer noopener\">https:\/\/www.lotsawahouse.org\/tibetan-masters\/shamar-chokyi-wangchuk\/sukhavati-aspiration<\/a><\/p>\n\n\n\n<hr class=\"wp-block-separator has-alpha-channel-opacity\"\/>\n\n\n\n<h3 class=\"has-text-align-center wp-block-heading\"><strong>A Prayer of Aspiration towards Sukh\u0101vat\u012b<\/strong><\/h3>\n\n\n\n<p class=\"has-text-align-center\">by Kathok Situ Ch\u00f6kyi Gyatso<\/p>\n\n\n\n<p>Emaho!<\/p>\n\n\n\n<p>In a realm above and to the West,<\/p>\n\n\n\n<p>Lies Sukh\u0101vat\u012b, forged through bodhicitta and prayer,<\/p>\n\n\n\n<p>In its centre, the blessed Lord Amit\u0101bha, &#8216;Boundless Light&#8217;,<\/p>\n\n\n\n<p>Presides amidst a retinue of countless bodhisattvas.<\/p>\n\n\n\n<p>Devotedly, with body, speech and mind, I pay homage,<\/p>\n\n\n\n<p>I offer real and imagined gifts and confess my harmful acts and downfalls,<\/p>\n\n\n\n<p>I rejoice in virtue, and request you to turn the wheel of Dharma,<\/p>\n\n\n\n<p>I beseech you to remain, and dedicate all virtue towards enlightenment:<\/p>\n\n\n\n<p>May all sentient beings, my very own parents, as infinite as space,<\/p>\n\n\n\n<p>Attain the omniscient state of perfect Buddhahood!<\/p>\n\n\n\n<p>To this end, from this moment on,<\/p>\n\n\n\n<p>I shall train in the actions of a bodhisattva.<\/p>\n\n\n\n<p>With this representing the virtues of past, present and future,<\/p>\n\n\n\n<p>I dedicate it so that all beings may attain perfect enlightenment,<\/p>\n\n\n\n<p>And, in all their lives until then,<\/p>\n\n\n\n<p>Be born in Sukh\u0101vat\u012b, there to behold the Victorious One!<\/p>\n\n\n\n<hr class=\"wp-block-separator has-alpha-channel-opacity\"\/>\n\n\n\n<p>Translated by Adam Pearcey, 2015.<\/p>\n\n\n\n<p>Source:&nbsp;<a href=\"https:\/\/www.lotsawahouse.org\/Cgi\/search.pl?searchlang=en&amp;q=A+Prayer+of+Aspiration+towards+Sukh%C4%81vat%C4%AB&amp;op=Search\" target=\"_blank\" rel=\"noreferrer noopener\">https:\/\/www.lotsawahouse.org\/Cgi\/search.pl?searchlang=en&amp;q=A+Prayer+of+Aspiration+towards+Sukh%C4%81vat%C4%AB&amp;op=Search<\/a><\/p>\n\n\n\n<hr class=\"wp-block-separator has-alpha-channel-opacity\"\/>\n\n\n\n<h3 class=\"has-text-align-center wp-block-heading\"><strong>Prayer to Buddha Amit\u0101bha<\/strong><\/h3>\n\n\n\n<p class=\"has-text-align-center\">By the Fifteenth Karmapa, Khakhyab Dorje<\/p>\n\n\n\n<p>O dharmak\u0101ya Amit\u0101bha, embodiment of all the buddhas,<\/p>\n\n\n\n<p>And protector Avalokite\u015bvara, manifestation of compassion,<\/p>\n\n\n\n<p>To these ultimate and supreme sources of refuge, I pray!<\/p>\n\n\n\n<p>May I and all beings, my previous mothers, as infinite as space,<\/p>\n\n\n\n<p>Face no unfavourable conditions, only ever-increasing positivity.<\/p>\n\n\n\n<p>May we be free from misdeeds and have the eight qualities and ten virtues;<\/p>\n\n\n\n<p>And, in our future lives, may we travel to the pure realm of Great Bliss!<\/p>\n\n\n\n<p>Bless us, so that having attained buddhahood in that physical form,<\/p>\n\n\n\n<p>We may become a guide who leads beings from extremes,<\/p>\n\n\n\n<p>And gain strength and power just like yours.<\/p>\n\n\n\n<hr class=\"wp-block-separator has-alpha-channel-opacity\"\/>\n\n\n\n<p>Supplicate like this with a one-pointed mind, and recite:<\/p>\n\n\n\n<p>\u201com amitabha hrih\u201d<\/p>\n\n\n\n<p>Thus, in response to a request from Demchok Lhamo of noble family, the one known as Karmapa put this into writing.<\/p>\n\n\n\n<p>Translated by Abraham Ta-Quan, 2017. Proofread by Lucinda Ritter.<\/p>\n\n\n\n<p>Source:&nbsp;<a href=\"https:\/\/www.lotsawahouse.org\/tibetan-masters\/fifteenth-karmapa\/amitabha-prayer\" target=\"_blank\" rel=\"noreferrer noopener\">https:\/\/www.lotsawahouse.org\/tibetan-masters\/fifteenth-karmapa\/amitabha-prayer<\/a><\/p>\n\n\n\n<hr class=\"wp-block-separator has-alpha-channel-opacity\"\/>\n\n\n\n<h3 class=\"has-text-align-center wp-block-heading\"><strong>Two Short Prayers for Rebirth in Sukhavati<\/strong><\/h3>\n\n\n\n<p class=\"has-text-align-center\">by Tert\u00f6n Mingyur Dorje (1645\u201367)<\/p>\n\n\n\n<p>EMAHO!<\/p>\n\n\n\n<p>How wondrous is the Buddha Infinite Light <\/p>\n\n\n\n<p>With the lord Great Compassion on his right, <\/p>\n\n\n\n<p>Great Power on his left, all in the midst<\/p>\n\n\n\n<p>Of buddhas and bodhisattvas beyond number. <\/p>\n\n\n\n<p>As soon as I pass on, may I be born<\/p>\n\n\n\n<p>Without another lifetime in between<\/p>\n\n\n\n<p>In that pure land of untold happiness<\/p>\n\n\n\n<p>And wonder that is called Sukhavati<\/p>\n\n\n\n<p>And see the buddha Amitabha\u2019s face.<\/p>\n\n\n\n<p>I ask all buddhas and bodhisattvas of<\/p>\n\n\n\n<p>The ten directions, bless me that my prayer <\/p>\n\n\n\n<p>May be fulfilled without impediment.<\/p>\n\n\n\n<p>TADYATH\u0100 PA\u00d1CHENDRIYA AVABODHAN\u0100YE SV\u0100H\u0100<\/p>\n\n\n\n<hr class=\"wp-block-separator has-alpha-channel-opacity\"\/>\n\n\n\n<p>Note: On the seventh day of the Vaisakha month of the Female Fire Bird Year, at the age of thirteen, the Tulku Mingyur Dorje saw the buddha Amitabha and his retinue and heard Amitabha actually speak these words.<\/p>\n\n\n\n<hr class=\"wp-block-separator has-alpha-channel-opacity\"\/>\n\n\n\n<p>Buddhas and bodhisattvas of all times <\/p>\n\n\n\n<p>And all directions, please consider me. <\/p>\n\n\n\n<p>Rejoicing in the two accumulations,<\/p>\n\n\n\n<p>I offer all my merit to the Jewels.<\/p>\n\n\n\n<p>Thus may the teachings of the Buddha thrive. <\/p>\n\n\n\n<p>I dedicate this virtue to all beings.<\/p>\n\n\n\n<p>May every sentient being reach buddhahood. <\/p>\n\n\n\n<p>I gather all the virtues there may be<\/p>\n\n\n\n<p>In one, so they may ripen in my being.<\/p>\n\n\n\n<p>May I be cleansed of the two obscurations <\/p>\n\n\n\n<p>And then perfect the two accumulations.<\/p>\n\n\n\n<p>May I live long, be healthy, and increase<\/p>\n\n\n\n<p>In both experience and realization.<\/p>\n\n\n\n<p>In this life, may I rise through the ten levels, <\/p>\n\n\n\n<p>And when I pass away, may I at once<\/p>\n\n\n\n<p>Be born in the pure realm Sukhavati.<\/p>\n\n\n\n<p>When I am born there, may the lotus open. <\/p>\n\n\n\n<p>May I reach buddhahood with that same body. <\/p>\n\n\n\n<p>Once I\u2019ve achieved enlightenment, may I <\/p>\n\n\n\n<p>Guide beings forever with my emanations.<\/p>\n\n\n\n<hr class=\"wp-block-separator has-alpha-channel-opacity\"\/>\n\n\n\n<p>Note: Samaya. Sealed, sealed, sealed. This is a revelation of Tulku Mingyur Dorje.<\/p>\n\n\n\n<hr class=\"wp-block-separator has-alpha-channel-opacity\"\/>\n\n\n\n<p>Source: Karma Chakme and Tert\u00f6n Mingyur Dorje.&nbsp;<em>Prayers for Rebirth in Sukhavati.<\/em>&nbsp;Translated by Khenpo David Karma Choephel. Dharma Ebooks Publications (<a href=\"https:\/\/dharmaebooks.org\/\" target=\"_blank\" rel=\"noreferrer noopener\">Dharmaebooks.org<\/a>), 2022.<\/p>\n\n\n\n<p>Note: Dharma Ebooks is a project of Dharma Treasure, which operates under the editorial guidance of the Seventeenth Gyalwang Karmapa, Ogyen Trinley Dorje. The proprietary rights of Dharma Ebooks belong to Dharma Treasure Corporation.<\/p>\n\n\n\n<hr class=\"wp-block-separator has-alpha-channel-opacity\"\/>\n\n\n<div class=\"wp-block-image\">\n<figure class=\"aligncenter size-large is-resized\"><img loading=\"lazy\" decoding=\"async\" src=\"https:\/\/mind-here-and-hereafter.org\/wp-content\/uploads\/2023\/01\/2786ECAA-87B4-44FB-83E5-DC7429AA4FB5-1024x929.jpeg\" alt=\"\" class=\"wp-image-910\" width=\"512\" height=\"465\" srcset=\"https:\/\/mind-here-and-hereafter.org\/wp-content\/uploads\/2023\/01\/2786ECAA-87B4-44FB-83E5-DC7429AA4FB5-1024x929.jpeg 1024w, https:\/\/mind-here-and-hereafter.org\/wp-content\/uploads\/2023\/01\/2786ECAA-87B4-44FB-83E5-DC7429AA4FB5-300x272.jpeg 300w, https:\/\/mind-here-and-hereafter.org\/wp-content\/uploads\/2023\/01\/2786ECAA-87B4-44FB-83E5-DC7429AA4FB5-768x696.jpeg 768w, https:\/\/mind-here-and-hereafter.org\/wp-content\/uploads\/2023\/01\/2786ECAA-87B4-44FB-83E5-DC7429AA4FB5-1536x1393.jpeg 1536w, https:\/\/mind-here-and-hereafter.org\/wp-content\/uploads\/2023\/01\/2786ECAA-87B4-44FB-83E5-DC7429AA4FB5-2048x1857.jpeg 2048w\" sizes=\"auto, (max-width: 512px) 100vw, 512px\" \/><figcaption class=\"wp-element-caption\"><strong>Contemplation<\/strong>  <br><br>Sukhavati<br><br><strong>Sukhavati<\/strong>\u00a0(Skt.\u00a0<em>Sukh\u0101vat\u012b<\/em>; Tib.\u00a0<em>Dewachen<\/em>) is the blissful\u00a0buddha field\u00a0of\u00a0Amitabha. One of the\u00a0buddha fields of the five families, said to be located in the western direction.<br><br>According to\u00a0Jamg\u00f6n Ngawang Lekpa, the four causes of rebirth in Sukhavati are:<br>(1) Generating\u00a0bodhichitta<br>(2) Accumulating\u00a0merit\u00a0in many ways<br>(3) Repeatedly bringing the buddha field to mind<br>(4) Dedicating all one&#8217;s sources of merit as causes for rebirth in that pure realm<br><br>There are three\u00a0sutras\u00a0by\u00a0Buddha Shakyamuni\u00a0that expound on the pure land of Sukhavati. There are Tibetan translations of two of these texts:<br>(1) <em>Amitabhavyuha Sutra<\/em>\u00a0which is also known as the \u201clonger\u201d Sukhavativyuha Sutra<br>(2) <em>Sukhavativyuha Sutra<\/em>\u00a0which is also known as the \u201cshorter\u201d Sukhavativyuha Sutra<br>(3) The third is only extant in Chinese:<br><em>Amitayurdhyana Sutra<\/em><br><br>(Source:\u00a0<a href=\"https:\/\/www.rigpawiki.org\/index.php?title=Sukhavati\" target=\"_blank\" rel=\"noreferrer noopener\">https:\/\/www.rigpawiki.org\/index.php?title=Sukhavati<\/a>)<br><br><br><br><br><br> <\/figcaption><\/figure>\n<\/div>","protected":false},"excerpt":{"rendered":"<p>Aspiration Towards Sukh\u0101vat\u012b&nbsp; by Shamar Ch\u00f6kyi Wangchuk (1584\u20131630) Emaho! From here, over in the direction of the setting sun, In a place many countless worlds away, Lies the utterly pure realm of Sukh\u0101vat\u012b, &#8216;the Blissful&#8217;,&nbsp; There resides the supreme and perfect Buddha, Boundless Life and Light. To that Lord and protector, I pay homage. I offer clouds of imagined gifts, just like Samantabhadra&#8217;s. I confess misdeeds accumulated over many lifetimes. I rejoice in the virtuous actions of all beings. I request the turning of <span class=\"excerpt-dots\">&hellip;<\/span> <a class=\"more-link\" href=\"https:\/\/mind-here-and-hereafter.org\/?page_id=895\"><span class=\"more-msg\">Continue reading &rarr;<\/span><\/a><\/p>\n","protected":false},"author":1,"featured_media":0,"parent":0,"menu_order":0,"comment_status":"closed","ping_status":"closed","template":"","meta":{"ngg_post_thumbnail":0,"footnotes":""},"class_list":["post-895","page","type-page","status-publish","hentry"],"yoast_head":"<!-- This site is optimized with the Yoast SEO plugin v27.5 - https:\/\/yoast.com\/product\/yoast-seo-wordpress\/ -->\n<title>Prayers for Rebirth in Sukhavati - Mind: Now and Beyond<\/title>\n<meta name=\"robots\" content=\"index, follow, max-snippet:-1, max-image-preview:large, max-video-preview:-1\" \/>\n<link rel=\"canonical\" href=\"https:\/\/mind-here-and-hereafter.org\/?page_id=895\" \/>\n<meta property=\"og:locale\" content=\"en_US\" \/>\n<meta property=\"og:type\" content=\"article\" \/>\n<meta property=\"og:title\" content=\"Prayers for Rebirth in Sukhavati - Mind: Now and Beyond\" \/>\n<meta property=\"og:description\" content=\"Aspiration Towards Sukh\u0101vat\u012b&nbsp; by Shamar Ch\u00f6kyi Wangchuk (1584\u20131630) Emaho! From here, over in the direction of the setting sun, In a place many countless worlds away, Lies the utterly pure realm of Sukh\u0101vat\u012b, &#8216;the Blissful&#8217;,&nbsp; There resides the supreme and perfect Buddha, Boundless Life and Light. To that Lord and protector, I pay homage. I offer clouds of imagined gifts, just like Samantabhadra&#8217;s. I confess misdeeds accumulated over many lifetimes. I rejoice in the virtuous actions of all beings. I request the turning of &hellip; Continue reading &rarr;\" \/>\n<meta property=\"og:url\" content=\"https:\/\/mind-here-and-hereafter.org\/?page_id=895\" \/>\n<meta property=\"og:site_name\" content=\"Mind: Now and Beyond\" \/>\n<meta property=\"article:modified_time\" content=\"2023-01-13T10:27:58+00:00\" \/>\n<meta property=\"og:image\" content=\"https:\/\/mind-here-and-hereafter.org\/wp-content\/uploads\/2023\/01\/2786ECAA-87B4-44FB-83E5-DC7429AA4FB5-1024x929.jpeg\" \/>\n<meta name=\"twitter:card\" content=\"summary_large_image\" \/>\n<meta name=\"twitter:label1\" content=\"Est. reading time\" \/>\n\t<meta name=\"twitter:data1\" content=\"5 minutes\" \/>\n<script type=\"application\/ld+json\" class=\"yoast-schema-graph\">{\"@context\":\"https:\\\/\\\/schema.org\",\"@graph\":[{\"@type\":\"WebPage\",\"@id\":\"https:\\\/\\\/mind-here-and-hereafter.org\\\/?page_id=895\",\"url\":\"https:\\\/\\\/mind-here-and-hereafter.org\\\/?page_id=895\",\"name\":\"Prayers for Rebirth in Sukhavati - Mind: Now and Beyond\",\"isPartOf\":{\"@id\":\"https:\\\/\\\/mind-here-and-hereafter.org\\\/#website\"},\"primaryImageOfPage\":{\"@id\":\"https:\\\/\\\/mind-here-and-hereafter.org\\\/?page_id=895#primaryimage\"},\"image\":{\"@id\":\"https:\\\/\\\/mind-here-and-hereafter.org\\\/?page_id=895#primaryimage\"},\"thumbnailUrl\":\"https:\\\/\\\/mind-here-and-hereafter.org\\\/wp-content\\\/uploads\\\/2023\\\/01\\\/2786ECAA-87B4-44FB-83E5-DC7429AA4FB5-1024x929.jpeg\",\"datePublished\":\"2023-01-13T08:31:32+00:00\",\"dateModified\":\"2023-01-13T10:27:58+00:00\",\"breadcrumb\":{\"@id\":\"https:\\\/\\\/mind-here-and-hereafter.org\\\/?page_id=895#breadcrumb\"},\"inLanguage\":\"en-US\",\"potentialAction\":[{\"@type\":\"ReadAction\",\"target\":[\"https:\\\/\\\/mind-here-and-hereafter.org\\\/?page_id=895\"]}]},{\"@type\":\"ImageObject\",\"inLanguage\":\"en-US\",\"@id\":\"https:\\\/\\\/mind-here-and-hereafter.org\\\/?page_id=895#primaryimage\",\"url\":\"https:\\\/\\\/mind-here-and-hereafter.org\\\/wp-content\\\/uploads\\\/2023\\\/01\\\/2786ECAA-87B4-44FB-83E5-DC7429AA4FB5-scaled.jpeg\",\"contentUrl\":\"https:\\\/\\\/mind-here-and-hereafter.org\\\/wp-content\\\/uploads\\\/2023\\\/01\\\/2786ECAA-87B4-44FB-83E5-DC7429AA4FB5-scaled.jpeg\",\"width\":2560,\"height\":2322},{\"@type\":\"BreadcrumbList\",\"@id\":\"https:\\\/\\\/mind-here-and-hereafter.org\\\/?page_id=895#breadcrumb\",\"itemListElement\":[{\"@type\":\"ListItem\",\"position\":1,\"name\":\"Home\",\"item\":\"https:\\\/\\\/mind-here-and-hereafter.org\\\/\"},{\"@type\":\"ListItem\",\"position\":2,\"name\":\"Prayers for Rebirth in Sukhavati\"}]},{\"@type\":\"WebSite\",\"@id\":\"https:\\\/\\\/mind-here-and-hereafter.org\\\/#website\",\"url\":\"https:\\\/\\\/mind-here-and-hereafter.org\\\/\",\"name\":\"Mind: Now and Beyond\",\"description\":\"The All-Important Mind\",\"potentialAction\":[{\"@type\":\"SearchAction\",\"target\":{\"@type\":\"EntryPoint\",\"urlTemplate\":\"https:\\\/\\\/mind-here-and-hereafter.org\\\/?s={search_term_string}\"},\"query-input\":{\"@type\":\"PropertyValueSpecification\",\"valueRequired\":true,\"valueName\":\"search_term_string\"}}],\"inLanguage\":\"en-US\"}]}<\/script>\n<!-- \/ Yoast SEO plugin. -->","yoast_head_json":{"title":"Prayers for Rebirth in Sukhavati - Mind: Now and Beyond","robots":{"index":"index","follow":"follow","max-snippet":"max-snippet:-1","max-image-preview":"max-image-preview:large","max-video-preview":"max-video-preview:-1"},"canonical":"https:\/\/mind-here-and-hereafter.org\/?page_id=895","og_locale":"en_US","og_type":"article","og_title":"Prayers for Rebirth in Sukhavati - Mind: Now and Beyond","og_description":"Aspiration Towards Sukh\u0101vat\u012b&nbsp; by Shamar Ch\u00f6kyi Wangchuk (1584\u20131630) Emaho! From here, over in the direction of the setting sun, In a place many countless worlds away, Lies the utterly pure realm of Sukh\u0101vat\u012b, &#8216;the Blissful&#8217;,&nbsp; There resides the supreme and perfect Buddha, Boundless Life and Light. To that Lord and protector, I pay homage. I offer clouds of imagined gifts, just like Samantabhadra&#8217;s. I confess misdeeds accumulated over many lifetimes. I rejoice in the virtuous actions of all beings. I request the turning of &hellip; Continue reading &rarr;","og_url":"https:\/\/mind-here-and-hereafter.org\/?page_id=895","og_site_name":"Mind: Now and Beyond","article_modified_time":"2023-01-13T10:27:58+00:00","og_image":[{"url":"https:\/\/mind-here-and-hereafter.org\/wp-content\/uploads\/2023\/01\/2786ECAA-87B4-44FB-83E5-DC7429AA4FB5-1024x929.jpeg","type":"","width":"","height":""}],"twitter_card":"summary_large_image","twitter_misc":{"Est. reading time":"5 minutes"},"schema":{"@context":"https:\/\/schema.org","@graph":[{"@type":"WebPage","@id":"https:\/\/mind-here-and-hereafter.org\/?page_id=895","url":"https:\/\/mind-here-and-hereafter.org\/?page_id=895","name":"Prayers for Rebirth in Sukhavati - Mind: Now and Beyond","isPartOf":{"@id":"https:\/\/mind-here-and-hereafter.org\/#website"},"primaryImageOfPage":{"@id":"https:\/\/mind-here-and-hereafter.org\/?page_id=895#primaryimage"},"image":{"@id":"https:\/\/mind-here-and-hereafter.org\/?page_id=895#primaryimage"},"thumbnailUrl":"https:\/\/mind-here-and-hereafter.org\/wp-content\/uploads\/2023\/01\/2786ECAA-87B4-44FB-83E5-DC7429AA4FB5-1024x929.jpeg","datePublished":"2023-01-13T08:31:32+00:00","dateModified":"2023-01-13T10:27:58+00:00","breadcrumb":{"@id":"https:\/\/mind-here-and-hereafter.org\/?page_id=895#breadcrumb"},"inLanguage":"en-US","potentialAction":[{"@type":"ReadAction","target":["https:\/\/mind-here-and-hereafter.org\/?page_id=895"]}]},{"@type":"ImageObject","inLanguage":"en-US","@id":"https:\/\/mind-here-and-hereafter.org\/?page_id=895#primaryimage","url":"https:\/\/mind-here-and-hereafter.org\/wp-content\/uploads\/2023\/01\/2786ECAA-87B4-44FB-83E5-DC7429AA4FB5-scaled.jpeg","contentUrl":"https:\/\/mind-here-and-hereafter.org\/wp-content\/uploads\/2023\/01\/2786ECAA-87B4-44FB-83E5-DC7429AA4FB5-scaled.jpeg","width":2560,"height":2322},{"@type":"BreadcrumbList","@id":"https:\/\/mind-here-and-hereafter.org\/?page_id=895#breadcrumb","itemListElement":[{"@type":"ListItem","position":1,"name":"Home","item":"https:\/\/mind-here-and-hereafter.org\/"},{"@type":"ListItem","position":2,"name":"Prayers for Rebirth in Sukhavati"}]},{"@type":"WebSite","@id":"https:\/\/mind-here-and-hereafter.org\/#website","url":"https:\/\/mind-here-and-hereafter.org\/","name":"Mind: Now and Beyond","description":"The All-Important Mind","potentialAction":[{"@type":"SearchAction","target":{"@type":"EntryPoint","urlTemplate":"https:\/\/mind-here-and-hereafter.org\/?s={search_term_string}"},"query-input":{"@type":"PropertyValueSpecification","valueRequired":true,"valueName":"search_term_string"}}],"inLanguage":"en-US"}]}},"_links":{"self":[{"href":"https:\/\/mind-here-and-hereafter.org\/index.php?rest_route=\/wp\/v2\/pages\/895","targetHints":{"allow":["GET"]}}],"collection":[{"href":"https:\/\/mind-here-and-hereafter.org\/index.php?rest_route=\/wp\/v2\/pages"}],"about":[{"href":"https:\/\/mind-here-and-hereafter.org\/index.php?rest_route=\/wp\/v2\/types\/page"}],"author":[{"embeddable":true,"href":"https:\/\/mind-here-and-hereafter.org\/index.php?rest_route=\/wp\/v2\/users\/1"}],"replies":[{"embeddable":true,"href":"https:\/\/mind-here-and-hereafter.org\/index.php?rest_route=%2Fwp%2Fv2%2Fcomments&post=895"}],"version-history":[{"count":9,"href":"https:\/\/mind-here-and-hereafter.org\/index.php?rest_route=\/wp\/v2\/pages\/895\/revisions"}],"predecessor-version":[{"id":913,"href":"https:\/\/mind-here-and-hereafter.org\/index.php?rest_route=\/wp\/v2\/pages\/895\/revisions\/913"}],"wp:attachment":[{"href":"https:\/\/mind-here-and-hereafter.org\/index.php?rest_route=%2Fwp%2Fv2%2Fmedia&parent=895"}],"curies":[{"name":"wp","href":"https:\/\/api.w.org\/{rel}","templated":true}]}}