{"id":127,"date":"2021-09-24T22:39:46","date_gmt":"2021-09-24T22:39:46","guid":{"rendered":"http:\/\/mind-here-and-hereafter.org\/?page_id=127"},"modified":"2021-10-01T06:58:01","modified_gmt":"2021-10-01T06:58:01","slug":"mind-training","status":"publish","type":"page","link":"https:\/\/mind-here-and-hereafter.org\/?page_id=127","title":{"rendered":"Mind-Training"},"content":{"rendered":"\n<h4 class=\"has-text-align-center wp-block-heading\">Introduction<\/h4>\n\n\n\n<p>Within the vast  body of Tibetan spiritual literature, one genre stands out for its inspirational power, universality, and down-to-earth practicality, qualities that have made these teachings dear to the Tibetan people for generations. I am referring to a collection of texts and their associated contemplative practices known simply as <em>lojong<\/em>, or \u201cmind training,\u201d which first appeared in the land of snows almost a millennium ago. <\/p>\n\n\n\n<p>At its heart the Tibetan mind training teachings represent a profound celebration of the spiritual ideal of genuine altruism, a deeply felt compassion for all beings and a dedication to serve their welfare. <\/p>\n\n\n\n<p>This is an ideal shared across many of world\u2019s great spiritual and humanistic traditions. <\/p>\n\n\n\n<p>By the twelfth century <em>lojong<\/em> had become a most cherished spiritual heritage on the vast Tibetan plateau, with attendant myths and legends associated with its origin and development. Today, as interest in Tibetan spiritual teaching and insights grows worldwide, often it\u2019s the mind training teachings that are most shared with the larger world by Tibetan teachers. <\/p>\n\n\n\n<p>I vividly remember the beautiful morning of August 15, 1999, when nearly a hundred thousand people from all walks of life gathered in New York\u2019s Central Park to listen to His Holiness the Dalai Lama\u2019s exposition of <em>Eight Verses on Mind Training<\/em>. As on many of the Dalai Lama\u2019s trips, on that day I had the privilege to sit beside him as his official translator, and on this occasion, the beauty and simplicity of these eight short verses brought a special power and poignancy to the event. The atmosphere was pervaded by a stillness of attention, deep spiritual presence, and a shared experience of warmth toward all things living, and those present felt\u2014at least for an hour and a half\u2014that they had touched something deep within themselves. <\/p>\n\n\n\n<p>Three years later the Dalai Lama returned once again to Central Park, and that time he chose to teach Ati\u015ba\u2019s <em>Bodhisattva\u2019s Jewel Garland<\/em> to a gathering whose size exceeded even the previous meeting. \u2026<\/p>\n\n\n\n<p>In my own life, I have been fortunate to be exposed to the mind training teachings from an early age and have, for more than three decades now, recited the Tibetan teacher Langri Thangpa\u2019s <em>Eight Verses of Mind Training<\/em> on a daily basis. The story of Langri Thangpa\u2019s single-pointed contemplation of the suffering of all beings, even to the point of acquiring the nickname the \u201cone with a tearful face,\u201d and how he came to befriend the wild animals living around his retreat imprinted in me an intuitive affinity with the Kadam lineage, which is associated with the emergence of <em>lojong<\/em> teaching. \u2026<\/p>\n\n\n\n<p>My own personal teacher at Ganden Monastery, Kyabj\u00e9 Zem\u00e9 Rinpoch\u00e9, at whose house I had the honor to live as a monk student, was a great embodiment and master of mind training. While I was deeply immersed in the study of intricate philosophical views that was part of our regular curriculum, every now and then, Rinpoch\u00e9 would remind me of the critical need to be grounded in everyday reality and the need to never be disconnected from contemplating others\u2019 welfare. He would stress that, at the end of day, it\u2019s the teaching of <em>lojong<\/em> that helps us make the insights and wisdom of the Buddha a reality in our own lives. <\/p>\n\n\n\n<p>On several occasions I was also able to witness at first hand the power of mind training practice to engender courage and resilience in ordinary individuals. A neighbor of mine at the monastery, an ordinary monk, suffered a debilitating skin condition that produced thick scabs on the surface of his skin, which would harden and then crack open. In the heat of the South Indian summer, he had to avoid, as far as possible, any contact between two skin surfaces, such as around the armpits and behind the knees. Though his pain and discomfort were severe, this monk, as a mind training practitioner, always maintained a tranquil and happy state of mind. This capacity to greet life\u2019s difficulties with calm and joy is one of the key indicators of success in training the mind. <\/p>\n\n\n\n<p>In fact, there is a saying attributed to the Kadam lineage masters that the best measure of our spiritual development is how we relate to death when our final day arrives. Those most advanced in their spiritual development will face their mortality with joy; those of medium development will do so without fear. Even the least developed, we are told, should ensure that they approach their final day without any regrets. <\/p>\n\n\n\n<p>Having spent the first three decades of my life in India, a major portion of that in the Tibetan monasteries, I was privileged to see this \u201cmeasure\u201d of spiritual development in operation. <\/p>\n\n\n\n<p>The grace and calm, the note of true freedom in their ability to let go, and the genuine lack of remorse, borne of the awareness that they have done their best while alive\u2014these are some of the characteristic qualities of the state of mind I observed in many of the senior monks, including my own personal teacher, as they approached their own mortality. <\/p>\n\n\n\n<p>Even today, when I think of these examples of what some might call \u201cgraceful exits,\u201d the words that come easiest to mind are serenity, dignity, and grace.<\/p>\n\n\n\n<p>Source: Thupten Jinpa. Translated, edited, and introduced by Thupten Jinpa. <em>Essential Mind Training: Tibetan Wisdom for Daily Life<\/em>. Somerville, MA: Wisdom Publications, 2011. <\/p>\n\n\n\n<hr class=\"wp-block-separator\"\/>\n\n\n\n<div class=\"wp-block-image\"><figure class=\"aligncenter size-large is-resized\"><img loading=\"lazy\" decoding=\"async\" src=\"http:\/\/mind-here-and-hereafter.org\/wp-content\/uploads\/2021\/09\/187E62D7-D2BF-472C-9E3B-22884F93ED8B-1024x768.jpeg\" alt=\"\" class=\"wp-image-469\" width=\"512\" height=\"384\" srcset=\"https:\/\/mind-here-and-hereafter.org\/wp-content\/uploads\/2021\/09\/187E62D7-D2BF-472C-9E3B-22884F93ED8B-1024x768.jpeg 1024w, https:\/\/mind-here-and-hereafter.org\/wp-content\/uploads\/2021\/09\/187E62D7-D2BF-472C-9E3B-22884F93ED8B-300x225.jpeg 300w, https:\/\/mind-here-and-hereafter.org\/wp-content\/uploads\/2021\/09\/187E62D7-D2BF-472C-9E3B-22884F93ED8B-768x576.jpeg 768w, https:\/\/mind-here-and-hereafter.org\/wp-content\/uploads\/2021\/09\/187E62D7-D2BF-472C-9E3B-22884F93ED8B-1536x1152.jpeg 1536w, https:\/\/mind-here-and-hereafter.org\/wp-content\/uploads\/2021\/09\/187E62D7-D2BF-472C-9E3B-22884F93ED8B-2048x1536.jpeg 2048w\" sizes=\"auto, (max-width: 512px) 100vw, 512px\" \/><figcaption><strong>Contemplation<\/strong>: <br>At its heart the Tibetan mind training teachings represent a profound celebration of the spiritual ideal of genuine altruism, a deeply felt compassion for all beings and a dedication to serve their welfare. <br>This is an ideal shared across many of world\u2019s great spiritual and humanistic traditions. <br>(Thupten Jinpa)<\/figcaption><\/figure><\/div>\n\n\n\n<hr class=\"wp-block-separator\"\/>\n\n\n\n<p><\/p>\n","protected":false},"excerpt":{"rendered":"<p>Introduction Within the vast body of Tibetan spiritual literature, one genre stands out for its inspirational power, universality, and down-to-earth practicality, qualities that have made these teachings dear to the Tibetan people for generations. I am referring to a collection of texts and their associated contemplative practices known simply as lojong, or \u201cmind training,\u201d which first appeared in the land of snows almost a millennium ago. At its heart the Tibetan mind training teachings represent a profound celebration of the spiritual ideal of genuine <span class=\"excerpt-dots\">&hellip;<\/span> <a class=\"more-link\" href=\"https:\/\/mind-here-and-hereafter.org\/?page_id=127\"><span class=\"more-msg\">Continue reading &rarr;<\/span><\/a><\/p>\n","protected":false},"author":1,"featured_media":0,"parent":0,"menu_order":0,"comment_status":"closed","ping_status":"closed","template":"","meta":{"ngg_post_thumbnail":0,"footnotes":""},"class_list":["post-127","page","type-page","status-publish","hentry"],"yoast_head":"<!-- This site is optimized with the Yoast SEO plugin v27.5 - https:\/\/yoast.com\/product\/yoast-seo-wordpress\/ -->\n<title>Mind-Training - Mind: Now and Beyond<\/title>\n<meta name=\"robots\" content=\"index, follow, max-snippet:-1, max-image-preview:large, max-video-preview:-1\" \/>\n<link rel=\"canonical\" href=\"https:\/\/mind-here-and-hereafter.org\/?page_id=127\" \/>\n<meta property=\"og:locale\" content=\"en_US\" \/>\n<meta property=\"og:type\" content=\"article\" \/>\n<meta property=\"og:title\" content=\"Mind-Training - Mind: Now and Beyond\" \/>\n<meta property=\"og:description\" content=\"Introduction Within the vast body of Tibetan spiritual literature, one genre stands out for its inspirational power, universality, and down-to-earth practicality, qualities that have made these teachings dear to the Tibetan people for generations. I am referring to a collection of texts and their associated contemplative practices known simply as lojong, or \u201cmind training,\u201d which first appeared in the land of snows almost a millennium ago. At its heart the Tibetan mind training teachings represent a profound celebration of the spiritual ideal of genuine &hellip; Continue reading &rarr;\" \/>\n<meta property=\"og:url\" content=\"https:\/\/mind-here-and-hereafter.org\/?page_id=127\" \/>\n<meta property=\"og:site_name\" content=\"Mind: Now and Beyond\" \/>\n<meta property=\"article:modified_time\" content=\"2021-10-01T06:58:01+00:00\" \/>\n<meta property=\"og:image\" content=\"http:\/\/mind-here-and-hereafter.org\/wp-content\/uploads\/2021\/09\/187E62D7-D2BF-472C-9E3B-22884F93ED8B-1024x768.jpeg\" \/>\n<meta name=\"twitter:card\" content=\"summary_large_image\" \/>\n<meta name=\"twitter:label1\" content=\"Est. reading time\" \/>\n\t<meta name=\"twitter:data1\" content=\"5 minutes\" \/>\n<script type=\"application\/ld+json\" class=\"yoast-schema-graph\">{\"@context\":\"https:\\\/\\\/schema.org\",\"@graph\":[{\"@type\":\"WebPage\",\"@id\":\"https:\\\/\\\/mind-here-and-hereafter.org\\\/?page_id=127\",\"url\":\"https:\\\/\\\/mind-here-and-hereafter.org\\\/?page_id=127\",\"name\":\"Mind-Training - Mind: Now and Beyond\",\"isPartOf\":{\"@id\":\"https:\\\/\\\/mind-here-and-hereafter.org\\\/#website\"},\"primaryImageOfPage\":{\"@id\":\"https:\\\/\\\/mind-here-and-hereafter.org\\\/?page_id=127#primaryimage\"},\"image\":{\"@id\":\"https:\\\/\\\/mind-here-and-hereafter.org\\\/?page_id=127#primaryimage\"},\"thumbnailUrl\":\"http:\\\/\\\/mind-here-and-hereafter.org\\\/wp-content\\\/uploads\\\/2021\\\/09\\\/187E62D7-D2BF-472C-9E3B-22884F93ED8B-1024x768.jpeg\",\"datePublished\":\"2021-09-24T22:39:46+00:00\",\"dateModified\":\"2021-10-01T06:58:01+00:00\",\"breadcrumb\":{\"@id\":\"https:\\\/\\\/mind-here-and-hereafter.org\\\/?page_id=127#breadcrumb\"},\"inLanguage\":\"en-US\",\"potentialAction\":[{\"@type\":\"ReadAction\",\"target\":[\"https:\\\/\\\/mind-here-and-hereafter.org\\\/?page_id=127\"]}]},{\"@type\":\"ImageObject\",\"inLanguage\":\"en-US\",\"@id\":\"https:\\\/\\\/mind-here-and-hereafter.org\\\/?page_id=127#primaryimage\",\"url\":\"https:\\\/\\\/mind-here-and-hereafter.org\\\/wp-content\\\/uploads\\\/2021\\\/09\\\/187E62D7-D2BF-472C-9E3B-22884F93ED8B-scaled.jpeg\",\"contentUrl\":\"https:\\\/\\\/mind-here-and-hereafter.org\\\/wp-content\\\/uploads\\\/2021\\\/09\\\/187E62D7-D2BF-472C-9E3B-22884F93ED8B-scaled.jpeg\",\"width\":2560,\"height\":1920},{\"@type\":\"BreadcrumbList\",\"@id\":\"https:\\\/\\\/mind-here-and-hereafter.org\\\/?page_id=127#breadcrumb\",\"itemListElement\":[{\"@type\":\"ListItem\",\"position\":1,\"name\":\"Home\",\"item\":\"https:\\\/\\\/mind-here-and-hereafter.org\\\/\"},{\"@type\":\"ListItem\",\"position\":2,\"name\":\"Mind-Training\"}]},{\"@type\":\"WebSite\",\"@id\":\"https:\\\/\\\/mind-here-and-hereafter.org\\\/#website\",\"url\":\"https:\\\/\\\/mind-here-and-hereafter.org\\\/\",\"name\":\"Mind: Now and Beyond\",\"description\":\"The All-Important Mind\",\"potentialAction\":[{\"@type\":\"SearchAction\",\"target\":{\"@type\":\"EntryPoint\",\"urlTemplate\":\"https:\\\/\\\/mind-here-and-hereafter.org\\\/?s={search_term_string}\"},\"query-input\":{\"@type\":\"PropertyValueSpecification\",\"valueRequired\":true,\"valueName\":\"search_term_string\"}}],\"inLanguage\":\"en-US\"}]}<\/script>\n<!-- \/ Yoast SEO plugin. -->","yoast_head_json":{"title":"Mind-Training - Mind: Now and Beyond","robots":{"index":"index","follow":"follow","max-snippet":"max-snippet:-1","max-image-preview":"max-image-preview:large","max-video-preview":"max-video-preview:-1"},"canonical":"https:\/\/mind-here-and-hereafter.org\/?page_id=127","og_locale":"en_US","og_type":"article","og_title":"Mind-Training - Mind: Now and Beyond","og_description":"Introduction Within the vast body of Tibetan spiritual literature, one genre stands out for its inspirational power, universality, and down-to-earth practicality, qualities that have made these teachings dear to the Tibetan people for generations. I am referring to a collection of texts and their associated contemplative practices known simply as lojong, or \u201cmind training,\u201d which first appeared in the land of snows almost a millennium ago. At its heart the Tibetan mind training teachings represent a profound celebration of the spiritual ideal of genuine &hellip; Continue reading &rarr;","og_url":"https:\/\/mind-here-and-hereafter.org\/?page_id=127","og_site_name":"Mind: Now and Beyond","article_modified_time":"2021-10-01T06:58:01+00:00","og_image":[{"url":"http:\/\/mind-here-and-hereafter.org\/wp-content\/uploads\/2021\/09\/187E62D7-D2BF-472C-9E3B-22884F93ED8B-1024x768.jpeg","type":"","width":"","height":""}],"twitter_card":"summary_large_image","twitter_misc":{"Est. reading time":"5 minutes"},"schema":{"@context":"https:\/\/schema.org","@graph":[{"@type":"WebPage","@id":"https:\/\/mind-here-and-hereafter.org\/?page_id=127","url":"https:\/\/mind-here-and-hereafter.org\/?page_id=127","name":"Mind-Training - Mind: Now and Beyond","isPartOf":{"@id":"https:\/\/mind-here-and-hereafter.org\/#website"},"primaryImageOfPage":{"@id":"https:\/\/mind-here-and-hereafter.org\/?page_id=127#primaryimage"},"image":{"@id":"https:\/\/mind-here-and-hereafter.org\/?page_id=127#primaryimage"},"thumbnailUrl":"http:\/\/mind-here-and-hereafter.org\/wp-content\/uploads\/2021\/09\/187E62D7-D2BF-472C-9E3B-22884F93ED8B-1024x768.jpeg","datePublished":"2021-09-24T22:39:46+00:00","dateModified":"2021-10-01T06:58:01+00:00","breadcrumb":{"@id":"https:\/\/mind-here-and-hereafter.org\/?page_id=127#breadcrumb"},"inLanguage":"en-US","potentialAction":[{"@type":"ReadAction","target":["https:\/\/mind-here-and-hereafter.org\/?page_id=127"]}]},{"@type":"ImageObject","inLanguage":"en-US","@id":"https:\/\/mind-here-and-hereafter.org\/?page_id=127#primaryimage","url":"https:\/\/mind-here-and-hereafter.org\/wp-content\/uploads\/2021\/09\/187E62D7-D2BF-472C-9E3B-22884F93ED8B-scaled.jpeg","contentUrl":"https:\/\/mind-here-and-hereafter.org\/wp-content\/uploads\/2021\/09\/187E62D7-D2BF-472C-9E3B-22884F93ED8B-scaled.jpeg","width":2560,"height":1920},{"@type":"BreadcrumbList","@id":"https:\/\/mind-here-and-hereafter.org\/?page_id=127#breadcrumb","itemListElement":[{"@type":"ListItem","position":1,"name":"Home","item":"https:\/\/mind-here-and-hereafter.org\/"},{"@type":"ListItem","position":2,"name":"Mind-Training"}]},{"@type":"WebSite","@id":"https:\/\/mind-here-and-hereafter.org\/#website","url":"https:\/\/mind-here-and-hereafter.org\/","name":"Mind: Now and Beyond","description":"The All-Important Mind","potentialAction":[{"@type":"SearchAction","target":{"@type":"EntryPoint","urlTemplate":"https:\/\/mind-here-and-hereafter.org\/?s={search_term_string}"},"query-input":{"@type":"PropertyValueSpecification","valueRequired":true,"valueName":"search_term_string"}}],"inLanguage":"en-US"}]}},"_links":{"self":[{"href":"https:\/\/mind-here-and-hereafter.org\/index.php?rest_route=\/wp\/v2\/pages\/127","targetHints":{"allow":["GET"]}}],"collection":[{"href":"https:\/\/mind-here-and-hereafter.org\/index.php?rest_route=\/wp\/v2\/pages"}],"about":[{"href":"https:\/\/mind-here-and-hereafter.org\/index.php?rest_route=\/wp\/v2\/types\/page"}],"author":[{"embeddable":true,"href":"https:\/\/mind-here-and-hereafter.org\/index.php?rest_route=\/wp\/v2\/users\/1"}],"replies":[{"embeddable":true,"href":"https:\/\/mind-here-and-hereafter.org\/index.php?rest_route=%2Fwp%2Fv2%2Fcomments&post=127"}],"version-history":[{"count":10,"href":"https:\/\/mind-here-and-hereafter.org\/index.php?rest_route=\/wp\/v2\/pages\/127\/revisions"}],"predecessor-version":[{"id":475,"href":"https:\/\/mind-here-and-hereafter.org\/index.php?rest_route=\/wp\/v2\/pages\/127\/revisions\/475"}],"wp:attachment":[{"href":"https:\/\/mind-here-and-hereafter.org\/index.php?rest_route=%2Fwp%2Fv2%2Fmedia&parent=127"}],"curies":[{"name":"wp","href":"https:\/\/api.w.org\/{rel}","templated":true}]}}